{"id":2389,"date":"2024-11-04T17:18:54","date_gmt":"2024-11-04T17:18:54","guid":{"rendered":"https:\/\/breitwegconsulting.com\/?page_id=2389"},"modified":"2025-01-13T14:45:04","modified_gmt":"2025-01-13T14:45:04","slug":"politique-de-protection-des-donnees","status":"publish","type":"page","link":"https:\/\/breitwegconsulting.com\/en\/politique-de-protection-des-donnees\/","title":{"rendered":"DATA PROTECTION POLICY"},"content":{"rendered":"<div id=\"fws_69e277858a282\"  data-column-margin=\"default\" data-midnight=\"dark\"  class=\"wpb_row vc_row-fluid vc_row\"  style=\"padding-top: 0px; padding-bottom: 0px; \"><div class=\"row-bg-wrap\" data-bg-animation=\"none\" data-bg-animation-delay=\"\" data-bg-overlay=\"false\"><div class=\"inner-wrap row-bg-layer\" ><div class=\"row-bg viewport-desktop\"  style=\"\"><\/div><\/div><\/div><div class=\"row_col_wrap_12 col span_12 dark left\">\n\t<div  class=\"vc_col-sm-12 wpb_column column_container vc_column_container col no-extra-padding inherit_tablet inherit_phone\"  data-padding-pos=\"all\" data-has-bg-color=\"false\" data-bg-color=\"\" data-bg-opacity=\"1\" data-animation=\"\" data-delay=\"0\" >\n\t\t<div class=\"vc_column-inner\" >\n\t\t\t<div class=\"wpb_wrapper\">\n\t\t\t\t\n<div class=\"wpb_text_column wpb_content_element  mon-paragraphe\" >\n\t<div class=\"wpb_wrapper\">\n\t\t<h1 class=\"wp-block-heading\" style=\"text-align: center;\">DATA PROTECTION POLICY<\/h1>\n<p>\u00a0<\/p>\n<h3 class=\"wp-block-heading\"><strong>A. Collection of personal data:<\/strong><\/h3>\n<p>\"BC\" represented by BC MENA sarl, undertakes to collect only the personal data necessary for the purpose of its services. When you visit our site, no personal information is collected unless you choose to voluntarily provide it to us via a contact form or other similar method.<\/p>\n<h3><strong>B. Use of Personal Data:<\/strong><\/h3>\n<p>The personal data collected will be used only for the specific purpose for which it was provided, such as responding to your requests for information or services. We do not sell, rent or lease your personal data to third parties without your prior consent, unless required by law.<\/p>\n<h3><strong>C. Data Security:<\/strong><\/h3>\n<p>We take reasonable security measures to protect your personal data from unauthorised access, disclosure, alteration, or destruction. However, no data transmission or storage system is completely secure. You are responsible for maintaining the confidentiality of any password or other identifying information you use to access our site.<\/p>\n<h3><strong>D. User rights:<\/strong><\/h3>\n<p>You have the right to access, rectify, delete or restrict the processing of your personal data. You can also object to the processing of your data in certain circumstances. To exercise these rights or for any questions about our data protection policy, please contact us at the address set out in the contact section below.<\/p>\n<h3><strong>F. Changes to the data protection policy:<\/strong><\/h3>\n<p>\"BC\" represented by BC MENA sarl, reserves the right to modify this data protection policy at any time. All changes will be posted on this page and will be effective immediately. We encourage you to review this policy regularly to stay informed about our data protection practices.<\/p>\n<h3><strong>G. Contact :<\/strong><\/h3>\n<p>If you have any questions about our data protection policy or to exercise your rights, please contact us at:<\/p>\n<p>\"BC\" represented by BC MENA sarl <br \/>09 rue Noureddine Khayachi, 2078 La Marsa, Tunisia.<br \/>Email : info@breitweg-consulting.com<\/p>\n<p>\u00a0<\/p>\n\t<\/div>\n<\/div>\n\n\n\n\n\t\t\t<\/div> \n\t\t<\/div>\n\t<\/div> \n<\/div><\/div>","protected":false},"excerpt":{"rendered":"POLITIQUE DE PROTECTION DES DONNEES \u00a0 A. Collecte des donn\u00e9es personnelles : \"BC\" repr\u00e9sent\u00e9 par BC MENA sarl s'engage \u00e0 ne collecter que les donn\u00e9es personnelles n\u00e9cessaires dans le cadre...","protected":false},"author":1,"featured_media":0,"parent":0,"menu_order":0,"comment_status":"closed","ping_status":"closed","template":"","meta":{"footnotes":""},"class_list":["post-2389","page","type-page","status-publish"],"yoast_head":"<!-- This site is optimized with the Yoast SEO plugin v27.3 - https:\/\/yoast.com\/product\/yoast-seo-wordpress\/ -->\n<title>POLITIQUE DE PROTECTION DES DONNEES | BC<\/title>\n<meta name=\"robots\" content=\"index, follow, max-snippet:-1, max-image-preview:large, max-video-preview:-1\" \/>\n<link rel=\"canonical\" href=\"https:\/\/breitwegconsulting.com\/en\/politique-de-protection-des-donnees\/\" \/>\n<meta property=\"og:locale\" content=\"en_US\" \/>\n<meta property=\"og:type\" content=\"article\" \/>\n<meta property=\"og:title\" content=\"POLITIQUE DE PROTECTION DES DONNEES | BC\" \/>\n<meta property=\"og:url\" content=\"https:\/\/breitwegconsulting.com\/en\/politique-de-protection-des-donnees\/\" \/>\n<meta property=\"og:site_name\" content=\"Breitweg Consulting\" \/>\n<meta property=\"article:modified_time\" content=\"2025-01-13T14:45:04+00:00\" \/>\n<meta name=\"twitter:card\" content=\"summary_large_image\" \/>\n<meta name=\"twitter:label1\" content=\"Est. reading time\" \/>\n\t<meta name=\"twitter:data1\" content=\"2 minutes\" \/>\n<script type=\"application\/ld+json\" class=\"yoast-schema-graph\">{\"@context\":\"https:\\\/\\\/schema.org\",\"@graph\":[{\"@type\":\"WebPage\",\"@id\":\"https:\\\/\\\/breitwegconsulting.com\\\/politique-de-protection-des-donnees\\\/\",\"url\":\"https:\\\/\\\/breitwegconsulting.com\\\/politique-de-protection-des-donnees\\\/\",\"name\":\"POLITIQUE DE PROTECTION DES DONNEES | BC\",\"isPartOf\":{\"@id\":\"https:\\\/\\\/breitwegconsulting.com\\\/#website\"},\"datePublished\":\"2024-11-04T17:18:54+00:00\",\"dateModified\":\"2025-01-13T14:45:04+00:00\",\"breadcrumb\":{\"@id\":\"https:\\\/\\\/breitwegconsulting.com\\\/politique-de-protection-des-donnees\\\/#breadcrumb\"},\"inLanguage\":\"en-US\",\"potentialAction\":[{\"@type\":\"ReadAction\",\"target\":[\"https:\\\/\\\/breitwegconsulting.com\\\/politique-de-protection-des-donnees\\\/\"]}]},{\"@type\":\"BreadcrumbList\",\"@id\":\"https:\\\/\\\/breitwegconsulting.com\\\/politique-de-protection-des-donnees\\\/#breadcrumb\",\"itemListElement\":[{\"@type\":\"ListItem\",\"position\":1,\"name\":\"Accueil\",\"item\":\"https:\\\/\\\/breitwegconsulting.com\\\/\"},{\"@type\":\"ListItem\",\"position\":2,\"name\":\"POLITIQUE DE PROTECTION DES DONNEES\"}]},{\"@type\":\"WebSite\",\"@id\":\"https:\\\/\\\/breitwegconsulting.com\\\/#website\",\"url\":\"https:\\\/\\\/breitwegconsulting.com\\\/\",\"name\":\"Breitweg Consulting\",\"description\":\"\ud835\uddd9\ud835\uddfc\ud835\ude00\ud835\ude01\ud835\uddf2\ud835\uddff \ud835\uddf6\ud835\uddfb\ud835\uddfb\ud835\uddfc\ud835\ude03\ud835\uddee\ud835\ude01\ud835\uddf6\ud835\uddfc\ud835\uddfb. \ud835\udddc\ud835\uddfb\ud835\ude00\ud835\uddfd\ud835\uddf6\ud835\uddff\ud835\uddf2 \ud835\uddf0\ud835\uddf5\ud835\uddee\ud835\uddfb\ud835\uddf4\ud835\uddf2.\",\"alternateName\":\"BC\",\"potentialAction\":[{\"@type\":\"SearchAction\",\"target\":{\"@type\":\"EntryPoint\",\"urlTemplate\":\"https:\\\/\\\/breitwegconsulting.com\\\/?s={search_term_string}\"},\"query-input\":{\"@type\":\"PropertyValueSpecification\",\"valueRequired\":true,\"valueName\":\"search_term_string\"}}],\"inLanguage\":\"en-US\"}]}<\/script>\n<!-- \/ Yoast SEO plugin. -->","yoast_head_json":{"title":"POLITIQUE DE PROTECTION DES DONNEES | BC","robots":{"index":"index","follow":"follow","max-snippet":"max-snippet:-1","max-image-preview":"max-image-preview:large","max-video-preview":"max-video-preview:-1"},"canonical":"https:\/\/breitwegconsulting.com\/en\/politique-de-protection-des-donnees\/","og_locale":"en_US","og_type":"article","og_title":"POLITIQUE DE PROTECTION DES DONNEES | BC","og_url":"https:\/\/breitwegconsulting.com\/en\/politique-de-protection-des-donnees\/","og_site_name":"Breitweg Consulting","article_modified_time":"2025-01-13T14:45:04+00:00","twitter_card":"summary_large_image","twitter_misc":{"Est. reading time":"2 minutes"},"schema":{"@context":"https:\/\/schema.org","@graph":[{"@type":"WebPage","@id":"https:\/\/breitwegconsulting.com\/politique-de-protection-des-donnees\/","url":"https:\/\/breitwegconsulting.com\/politique-de-protection-des-donnees\/","name":"POLITIQUE DE PROTECTION DES DONNEES | BC","isPartOf":{"@id":"https:\/\/breitwegconsulting.com\/#website"},"datePublished":"2024-11-04T17:18:54+00:00","dateModified":"2025-01-13T14:45:04+00:00","breadcrumb":{"@id":"https:\/\/breitwegconsulting.com\/politique-de-protection-des-donnees\/#breadcrumb"},"inLanguage":"en-US","potentialAction":[{"@type":"ReadAction","target":["https:\/\/breitwegconsulting.com\/politique-de-protection-des-donnees\/"]}]},{"@type":"BreadcrumbList","@id":"https:\/\/breitwegconsulting.com\/politique-de-protection-des-donnees\/#breadcrumb","itemListElement":[{"@type":"ListItem","position":1,"name":"Accueil","item":"https:\/\/breitwegconsulting.com\/"},{"@type":"ListItem","position":2,"name":"POLITIQUE DE PROTECTION DES DONNEES"}]},{"@type":"WebSite","@id":"https:\/\/breitwegconsulting.com\/#website","url":"https:\/\/breitwegconsulting.com\/","name":"Breitweg Consulting","description":"\ud835\uddd9\ud835\uddfc\ud835\ude00\ud835\ude01\ud835\uddf2\ud835\uddff \ud835\uddf6\ud835\uddfb\ud835\uddfb\ud835\uddfc\ud835\ude03\ud835\uddee\ud835\ude01\ud835\uddf6\ud835\uddfc\ud835\uddfb. \ud835\udddc\ud835\uddfb\ud835\ude00\ud835\uddfd\ud835\uddf6\ud835\uddff\ud835\uddf2 \ud835\uddf0\ud835\uddf5\ud835\uddee\ud835\uddfb\ud835\uddf4\ud835\uddf2.","alternateName":"BC","potentialAction":[{"@type":"SearchAction","target":{"@type":"EntryPoint","urlTemplate":"https:\/\/breitwegconsulting.com\/?s={search_term_string}"},"query-input":{"@type":"PropertyValueSpecification","valueRequired":true,"valueName":"search_term_string"}}],"inLanguage":"en-US"}]}},"_links":{"self":[{"href":"https:\/\/breitwegconsulting.com\/en\/wp-json\/wp\/v2\/pages\/2389","targetHints":{"allow":["GET"]}}],"collection":[{"href":"https:\/\/breitwegconsulting.com\/en\/wp-json\/wp\/v2\/pages"}],"about":[{"href":"https:\/\/breitwegconsulting.com\/en\/wp-json\/wp\/v2\/types\/page"}],"author":[{"embeddable":true,"href":"https:\/\/breitwegconsulting.com\/en\/wp-json\/wp\/v2\/users\/1"}],"replies":[{"embeddable":true,"href":"https:\/\/breitwegconsulting.com\/en\/wp-json\/wp\/v2\/comments?post=2389"}],"version-history":[{"count":2,"href":"https:\/\/breitwegconsulting.com\/en\/wp-json\/wp\/v2\/pages\/2389\/revisions"}],"predecessor-version":[{"id":2531,"href":"https:\/\/breitwegconsulting.com\/en\/wp-json\/wp\/v2\/pages\/2389\/revisions\/2531"}],"wp:attachment":[{"href":"https:\/\/breitwegconsulting.com\/en\/wp-json\/wp\/v2\/media?parent=2389"}],"curies":[{"name":"wp","href":"https:\/\/api.w.org\/{rel}","templated":true}]}}