{"id":2381,"date":"2024-11-04T17:09:13","date_gmt":"2024-11-04T17:09:13","guid":{"rendered":"https:\/\/breitwegconsulting.com\/?page_id=2381"},"modified":"2025-01-13T14:35:39","modified_gmt":"2025-01-13T14:35:39","slug":"mentions-legales","status":"publish","type":"page","link":"https:\/\/breitwegconsulting.com\/en\/mentions-legales\/","title":{"rendered":"LEGAL NOTICE"},"content":{"rendered":"<div id=\"fws_69e4a71a16dac\"  data-column-margin=\"default\" data-midnight=\"dark\"  class=\"wpb_row vc_row-fluid vc_row\"  style=\"padding-top: 0px; padding-bottom: 0px; \"><div class=\"row-bg-wrap\" data-bg-animation=\"none\" data-bg-animation-delay=\"\" data-bg-overlay=\"false\"><div class=\"inner-wrap row-bg-layer\" ><div class=\"row-bg viewport-desktop\"  style=\"\"><\/div><\/div><\/div><div class=\"row_col_wrap_12 col span_12 dark left\">\n\t<div  class=\"vc_col-sm-12 wpb_column column_container vc_column_container col no-extra-padding inherit_tablet inherit_phone\"  data-padding-pos=\"all\" data-has-bg-color=\"false\" data-bg-color=\"\" data-bg-opacity=\"1\" data-animation=\"\" data-delay=\"0\" >\n\t\t<div class=\"vc_column-inner\" >\n\t\t\t<div class=\"wpb_wrapper\">\n\t\t\t\t\n<div class=\"wpb_text_column wpb_content_element  mon-paragraphe\" >\n\t<div class=\"wpb_wrapper\">\n\t\t<h1 class=\"wp-block-heading has-text-align-center\">LEGAL NOTICE<\/h1>\n<p>&nbsp;<\/p>\n<p>&nbsp;<\/p>\n<h3 class=\"wp-block-heading\"><strong>A. Website publisher:<\/strong><\/h3>\n<p>&nbsp;<\/p>\n<ul class=\"wp-block-list\">\n<li style=\"list-style-type: none;\">\n<ul class=\"wp-block-list\">\n<li>\"BC\" represented by BC MENA sarl<\/li>\n<li>Registered office address: 09, rue Noureddine Khayachi, 2078 La Marsa, Tunisia.<\/li>\n<li>Publication director and site manager: Markus BREITWEG<\/li>\n<li>Website creation: WEBHAR \u2013 Tunis<\/li>\n<li>Website management: \"BC\" represented by BC MENA sarl<\/li>\n<li>Hosting provider: https:\/\/www.united-domains.de\/<\/li>\n<\/ul>\n<\/li>\n<\/ul>\n<p>&nbsp;<\/p>\n<h3 class=\"wp-block-heading\"><strong>B. Collection and use of personal data:<\/strong><\/h3>\n<p>For its public part, the site can be consulted by the user without giving his identification or any information about him. The data collected through the contact form is necessary to respond to the requests for information made by the user.<\/p>\n<p>\"BC\" represented by BC MENA sarl, does not sell, rent or lease its customer lists to third parties. You have the right to access, modify, rectify and delete data concerning you in accordance with the Tunisian law in force.<\/p>\n<p>For any enquiries, please contact:<br \/>\"BC\" represented by BC MENA sarl<br \/>09 rue Noureddine Khayachi, 2078 La Marsa, Tunisia.<br \/>or use the contact form.<\/p>\n<p>&nbsp;<\/p>\n<h3 class=\"wp-block-heading\"><strong>C. Responsibility:<\/strong><\/h3>\n<p>This site and its content are made available to the user without any warranty of any kind, explicit or implicit, concerning the site, its operation, and its content.<\/p>\n<p>\"BC\" represented by BC MENA sarl, will endeavour to update this website but does not guarantee that the information contained on the website is accurate, complete or up-to-date. Under no circumstances may BC Group, represented by BC MENA LLC, be held liable for any direct or indirect damage of any kind, and in particular any loss of data, income, opportunity or profit, in connection with the access, use and content of the website.<\/p>\n<p>&nbsp;<\/p>\n<h3 class=\"wp-block-heading\"><strong>D. Intellectual property:<\/strong><\/h3>\n<p>All texts, graphics, images, logos and other elements contained in this website, hereinafter referred to as \"the Content\", are protected by copyright and trademarks. The user is authorised to consult the Content to learn about the services and activities of \"BC\" represented by BC MENA sarl. The user undertakes not to modify the Content and not to use any text, graphics, logo, design or trademark without obtaining prior authorisation from \"BC\" represented by BC MENA sarl. Any use of the Content without authorisation is strictly prohibited and constitutes an infringement punishable by law.<\/p>\n<p>&nbsp;<\/p>\n<h3 class=\"wp-block-heading\"><strong>E. Applicable law:<\/strong><\/h3>\n<p>These general terms and conditions are subject to Tunisian law. The language of the general terms and conditions is English. In the event of a dispute, the Tunisian courts have sole jurisdiction.<\/p>\n<p>&nbsp;<\/p>\n<h3 class=\"wp-block-heading\"><strong>F. Update of the legal notices:<\/strong><\/h3>\n<p>\"BC\" represented by BC MENA sarl, reserves the right to modify and update this Legal Notice at any time. These changes and updates are binding on the user, who must therefore regularly refer to this section to check the legal notices in force.<\/p>\n<p>&nbsp;<\/p>\n<h3 class=\"wp-block-heading\"><strong>G. Photo credits:<\/strong><\/h3>\n<p>&nbsp;<\/p>\n<ul class=\"wp-block-list\">\n<li style=\"list-style-type: none;\">\n<ul class=\"wp-block-list\">\n<li>The main photo of the home page is a creation by eberhardgross on www.freepik.com<\/li>\n<li>The cover photo of the contact page is a creation of Freepik - www.freepik.com<\/li>\n<\/ul>\n<\/li>\n<\/ul>\n<p>&nbsp;<\/p>\n<p>&nbsp;<\/p>\n<h6>Our interventions encompass (non-exhaustive list) of countries): Tunisia, France, Germany, Morocco, Algeria, Jordan, Egypt, Senegal, Ivory Coast, Cameroon, Tanzania, Lebanon, Turkey, Mauritania, Austria, Albania, Serbia, Croatia, Balkans, Macedonia, Libya, Mali, Togo, Ghana, Rwanda, Africa, Emirates, Saudi Arabia<\/h6>\n<p>&nbsp;<\/p>\n<p>&nbsp;<\/p>\n\t<\/div>\n<\/div>\n\n\n\n\n\t\t\t<\/div> \n\t\t<\/div>\n\t<\/div> \n<\/div><\/div>","protected":false},"excerpt":{"rendered":"MENTIONS LEGALES &nbsp; &nbsp; A. \u00c9diteur du site : &nbsp; BC Group repr\u00e9sent\u00e9 par BC MENA sarl Adresse du si\u00e8ge social : 09 rue Noureddine Khayachi, 2078 La Marsa, Tunisie....","protected":false},"author":1,"featured_media":0,"parent":0,"menu_order":0,"comment_status":"closed","ping_status":"closed","template":"","meta":{"footnotes":""},"class_list":["post-2381","page","type-page","status-publish"],"yoast_head":"<!-- This site is optimized with the Yoast SEO plugin v27.3 - https:\/\/yoast.com\/product\/yoast-seo-wordpress\/ -->\n<title>MENTIONS LEGALES | BC<\/title>\n<meta name=\"robots\" content=\"index, follow, max-snippet:-1, max-image-preview:large, max-video-preview:-1\" \/>\n<link rel=\"canonical\" href=\"https:\/\/breitwegconsulting.com\/en\/mentions-legales\/\" \/>\n<meta property=\"og:locale\" content=\"en_US\" \/>\n<meta property=\"og:type\" content=\"article\" \/>\n<meta property=\"og:title\" content=\"MENTIONS LEGALES | BC\" \/>\n<meta property=\"og:url\" content=\"https:\/\/breitwegconsulting.com\/en\/mentions-legales\/\" \/>\n<meta property=\"og:site_name\" content=\"Breitweg Consulting\" \/>\n<meta property=\"article:modified_time\" content=\"2025-01-13T14:35:39+00:00\" \/>\n<meta name=\"twitter:card\" content=\"summary_large_image\" \/>\n<meta name=\"twitter:label1\" content=\"Est. reading time\" \/>\n\t<meta name=\"twitter:data1\" content=\"3 minutes\" \/>\n<script type=\"application\/ld+json\" class=\"yoast-schema-graph\">{\"@context\":\"https:\\\/\\\/schema.org\",\"@graph\":[{\"@type\":\"WebPage\",\"@id\":\"https:\\\/\\\/breitwegconsulting.com\\\/mentions-legales\\\/\",\"url\":\"https:\\\/\\\/breitwegconsulting.com\\\/mentions-legales\\\/\",\"name\":\"MENTIONS LEGALES | BC\",\"isPartOf\":{\"@id\":\"https:\\\/\\\/breitwegconsulting.com\\\/#website\"},\"datePublished\":\"2024-11-04T17:09:13+00:00\",\"dateModified\":\"2025-01-13T14:35:39+00:00\",\"breadcrumb\":{\"@id\":\"https:\\\/\\\/breitwegconsulting.com\\\/mentions-legales\\\/#breadcrumb\"},\"inLanguage\":\"en-US\",\"potentialAction\":[{\"@type\":\"ReadAction\",\"target\":[\"https:\\\/\\\/breitwegconsulting.com\\\/mentions-legales\\\/\"]}]},{\"@type\":\"BreadcrumbList\",\"@id\":\"https:\\\/\\\/breitwegconsulting.com\\\/mentions-legales\\\/#breadcrumb\",\"itemListElement\":[{\"@type\":\"ListItem\",\"position\":1,\"name\":\"Accueil\",\"item\":\"https:\\\/\\\/breitwegconsulting.com\\\/\"},{\"@type\":\"ListItem\",\"position\":2,\"name\":\"MENTIONS LEGALES\"}]},{\"@type\":\"WebSite\",\"@id\":\"https:\\\/\\\/breitwegconsulting.com\\\/#website\",\"url\":\"https:\\\/\\\/breitwegconsulting.com\\\/\",\"name\":\"Breitweg Consulting\",\"description\":\"\ud835\uddd9\ud835\uddfc\ud835\ude00\ud835\ude01\ud835\uddf2\ud835\uddff \ud835\uddf6\ud835\uddfb\ud835\uddfb\ud835\uddfc\ud835\ude03\ud835\uddee\ud835\ude01\ud835\uddf6\ud835\uddfc\ud835\uddfb. \ud835\udddc\ud835\uddfb\ud835\ude00\ud835\uddfd\ud835\uddf6\ud835\uddff\ud835\uddf2 \ud835\uddf0\ud835\uddf5\ud835\uddee\ud835\uddfb\ud835\uddf4\ud835\uddf2.\",\"alternateName\":\"BC\",\"potentialAction\":[{\"@type\":\"SearchAction\",\"target\":{\"@type\":\"EntryPoint\",\"urlTemplate\":\"https:\\\/\\\/breitwegconsulting.com\\\/?s={search_term_string}\"},\"query-input\":{\"@type\":\"PropertyValueSpecification\",\"valueRequired\":true,\"valueName\":\"search_term_string\"}}],\"inLanguage\":\"en-US\"}]}<\/script>\n<!-- \/ Yoast SEO plugin. -->","yoast_head_json":{"title":"MENTIONS LEGALES | BC","robots":{"index":"index","follow":"follow","max-snippet":"max-snippet:-1","max-image-preview":"max-image-preview:large","max-video-preview":"max-video-preview:-1"},"canonical":"https:\/\/breitwegconsulting.com\/en\/mentions-legales\/","og_locale":"en_US","og_type":"article","og_title":"MENTIONS LEGALES | BC","og_url":"https:\/\/breitwegconsulting.com\/en\/mentions-legales\/","og_site_name":"Breitweg Consulting","article_modified_time":"2025-01-13T14:35:39+00:00","twitter_card":"summary_large_image","twitter_misc":{"Est. reading time":"3 minutes"},"schema":{"@context":"https:\/\/schema.org","@graph":[{"@type":"WebPage","@id":"https:\/\/breitwegconsulting.com\/mentions-legales\/","url":"https:\/\/breitwegconsulting.com\/mentions-legales\/","name":"MENTIONS LEGALES | BC","isPartOf":{"@id":"https:\/\/breitwegconsulting.com\/#website"},"datePublished":"2024-11-04T17:09:13+00:00","dateModified":"2025-01-13T14:35:39+00:00","breadcrumb":{"@id":"https:\/\/breitwegconsulting.com\/mentions-legales\/#breadcrumb"},"inLanguage":"en-US","potentialAction":[{"@type":"ReadAction","target":["https:\/\/breitwegconsulting.com\/mentions-legales\/"]}]},{"@type":"BreadcrumbList","@id":"https:\/\/breitwegconsulting.com\/mentions-legales\/#breadcrumb","itemListElement":[{"@type":"ListItem","position":1,"name":"Accueil","item":"https:\/\/breitwegconsulting.com\/"},{"@type":"ListItem","position":2,"name":"MENTIONS LEGALES"}]},{"@type":"WebSite","@id":"https:\/\/breitwegconsulting.com\/#website","url":"https:\/\/breitwegconsulting.com\/","name":"Breitweg Consulting","description":"\ud835\uddd9\ud835\uddfc\ud835\ude00\ud835\ude01\ud835\uddf2\ud835\uddff \ud835\uddf6\ud835\uddfb\ud835\uddfb\ud835\uddfc\ud835\ude03\ud835\uddee\ud835\ude01\ud835\uddf6\ud835\uddfc\ud835\uddfb. \ud835\udddc\ud835\uddfb\ud835\ude00\ud835\uddfd\ud835\uddf6\ud835\uddff\ud835\uddf2 \ud835\uddf0\ud835\uddf5\ud835\uddee\ud835\uddfb\ud835\uddf4\ud835\uddf2.","alternateName":"BC","potentialAction":[{"@type":"SearchAction","target":{"@type":"EntryPoint","urlTemplate":"https:\/\/breitwegconsulting.com\/?s={search_term_string}"},"query-input":{"@type":"PropertyValueSpecification","valueRequired":true,"valueName":"search_term_string"}}],"inLanguage":"en-US"}]}},"_links":{"self":[{"href":"https:\/\/breitwegconsulting.com\/en\/wp-json\/wp\/v2\/pages\/2381","targetHints":{"allow":["GET"]}}],"collection":[{"href":"https:\/\/breitwegconsulting.com\/en\/wp-json\/wp\/v2\/pages"}],"about":[{"href":"https:\/\/breitwegconsulting.com\/en\/wp-json\/wp\/v2\/types\/page"}],"author":[{"embeddable":true,"href":"https:\/\/breitwegconsulting.com\/en\/wp-json\/wp\/v2\/users\/1"}],"replies":[{"embeddable":true,"href":"https:\/\/breitwegconsulting.com\/en\/wp-json\/wp\/v2\/comments?post=2381"}],"version-history":[{"count":2,"href":"https:\/\/breitwegconsulting.com\/en\/wp-json\/wp\/v2\/pages\/2381\/revisions"}],"predecessor-version":[{"id":2529,"href":"https:\/\/breitwegconsulting.com\/en\/wp-json\/wp\/v2\/pages\/2381\/revisions\/2529"}],"wp:attachment":[{"href":"https:\/\/breitwegconsulting.com\/en\/wp-json\/wp\/v2\/media?parent=2381"}],"curies":[{"name":"wp","href":"https:\/\/api.w.org\/{rel}","templated":true}]}}