{"id":1909,"date":"2024-05-21T15:51:27","date_gmt":"2024-05-21T15:51:27","guid":{"rendered":"http:\/\/karimb12.sg-host.com\/?page_id=1909"},"modified":"2025-02-12T10:45:01","modified_gmt":"2025-02-12T10:45:01","slug":"conseil","status":"publish","type":"page","link":"https:\/\/breitwegconsulting.com\/en\/conseil\/","title":{"rendered":"Consulting"},"content":{"rendered":"<div id=\"fws_69e27367d44b6\"  data-column-margin=\"none\" data-midnight=\"light\" data-top-percent=\"10%\" data-bottom-percent=\"10%\"  class=\"wpb_row vc_row-fluid vc_row full-width-section parallax_section\"  style=\"padding-top: calc(100vw * 0.10); padding-bottom: calc(100vw * 0.10); \"><div class=\"row-bg-wrap\" data-bg-animation=\"zoom-out\" data-bg-animation-delay=\"\" data-bg-overlay=\"true\"><div class=\"inner-wrap row-bg-layer using-image\" ><div class=\"row-bg viewport-desktop using-image using-bg-color\" data-parallax-speed=\"fast\" style=\"background-image: url(https:\/\/breitwegconsulting.com\/wp-content\/uploads\/2024\/08\/photo-de-couv-conseil-NEWW.jpg); background-position: center center; background-repeat: no-repeat; background-color: #9fc5d0; \"><\/div><\/div><div class=\"row-bg-overlay row-bg-layer\" style=\"background-color:#000000;  opacity: 0.3; \"><\/div><\/div><div class=\"nectar-shape-divider-wrap\" style=\" height:10%;\" data-using-percent-val=\"true\" data-height=\"10%\" data-front=\"\" data-style=\"curve_opacity\" data-position=\"bottom\" ><svg class=\"nectar-shape-divider\" fill=\"#ffffff\" xmlns=\"http:\/\/www.w3.org\/2000\/svg\" viewbox=\"0 0 1000 100\" preserveaspectratio=\"none\"> <path d=\"M 0 14 s 88.64 3.48 300 36 c 260 40 514 27 703 -10 l 12 28 l 3 36 h -1018 z\"><\/path> <path d=\"M 0 45 s 271 45.13 500 32 c 157 -9 330 -47 515 -63 v 86 h -1015 z\"><\/path> <path d=\"M 0 58 s 188.29 32 508 32 c 290 0 494 -35 494 -35 v 45 h -1002 z\"><\/path> <\/svg><\/div><div class=\"row_col_wrap_12 col span_12 light left\">\n\t<div  class=\"vc_col-sm-12 wpb_column column_container vc_column_container col padding-3-percent force-phone-text-align-center el_spacing_0px inherit_tablet inherit_phone\"  data-padding-pos=\"top\" data-has-bg-color=\"false\" data-bg-color=\"\" data-bg-opacity=\"1\" data-animation=\"\" data-delay=\"0\" >\n\t\t<div class=\"vc_column-inner\" >\n\t\t\t<div class=\"wpb_wrapper\">\n\t\t\t\t<div id=\"fws_69e27367d4b86\" data-midnight=\"\" data-column-margin=\"default\" class=\"wpb_row vc_row-fluid vc_row inner_row\"  style=\"\"><div class=\"row-bg-wrap\"> <div class=\"row-bg\" ><\/div> <\/div><div class=\"row_col_wrap_12_inner col span_12  left\">\n\t<div  class=\"vc_col-sm-6 wpb_column column_container vc_column_container col child_column no-extra-padding inherit_tablet inherit_phone\"   data-padding-pos=\"all\" data-has-bg-color=\"false\" data-bg-color=\"\" data-bg-opacity=\"1\" data-animation=\"\" data-delay=\"0\" >\n\t\t<div class=\"vc_column-inner\" >\n\t\t<div class=\"wpb_wrapper\">\n\t\t\t<div class=\"nectar-highlighted-text font_size_5vw font_size_tablet_7vw font_line_height_1-1em\" data-style=\"scribble\" data-exp=\"default\" data-using-custom-color=\"false\" data-animation-delay=\"false\" data-color=\"\" data-color-gradient=\"\" style=\"\">\n<h1>Consulting<\/h1>\n<\/div><div class=\"nectar-split-heading  font_line_height_27px\" data-align=\"default\" data-m-align=\"inherit\" data-text-effect=\"default\" data-animation-type=\"line-reveal-by-space\" data-animation-delay=\"0\" data-animation-offset=\"\" data-m-rm-animation=\"\" data-stagger=\"true\" data-custom-font-size=\"false\" ><p style=\" color: #ffffff;\">Tailor-made solutions to boost your projects and teams.<\/p><\/div>\n\t\t<\/div> \n\t<\/div>\n\t<\/div> \n\n\t<div  class=\"vc_col-sm-6 wpb_column column_container vc_column_container col child_column no-extra-padding inherit_tablet inherit_phone\"   data-padding-pos=\"all\" data-has-bg-color=\"false\" data-bg-color=\"\" data-bg-opacity=\"1\" data-animation=\"\" data-delay=\"0\" >\n\t\t<div class=\"vc_column-inner\" >\n\t\t<div class=\"wpb_wrapper\">\n\t\t\t\n\t\t<\/div> \n\t<\/div>\n\t<\/div> \n<\/div><\/div>\n\t\t\t<\/div> \n\t\t<\/div>\n\t<\/div> \n<\/div><\/div>\n\t\t<div id=\"fws_69e27367d572b\"  data-column-margin=\"default\" data-midnight=\"dark\" data-top-percent=\"5 %\" data-bottom-percent=\"5 %\"  class=\"wpb_row vc_row-fluid vc_row full-width-section\"  style=\"padding-top: calc(100vw * 0.05); padding-bottom: calc(100vw * 0.05); \"><div class=\"row-bg-wrap\" data-bg-animation=\"none\" data-bg-animation-delay=\"\" data-bg-overlay=\"false\"><div class=\"inner-wrap row-bg-layer\" ><div class=\"row-bg viewport-desktop using-bg-color\"  style=\"background-color: #ffffff; \"><\/div><\/div><\/div><div class=\"row_col_wrap_12 col span_12 dark left\">\n\t<div  class=\"vc_col-sm-12 wpb_column column_container vc_column_container col no-extra-padding el_spacing_0px inherit_tablet inherit_phone\"  data-padding-pos=\"all\" data-has-bg-color=\"false\" data-bg-color=\"\" data-bg-opacity=\"1\" data-animation=\"\" data-delay=\"0\" >\n\t\t<div class=\"vc_column-inner\" >\n\t\t\t<div class=\"wpb_wrapper\">\n\t\t\t\t<div id=\"fws_69e27367d5bc9\" data-midnight=\"\" data-column-margin=\"20px\" class=\"wpb_row vc_row-fluid vc_row inner_row  top_padding_tablet_8pct\"  style=\"\"><div class=\"row-bg-wrap\"> <div class=\"row-bg\" ><\/div> <\/div><div class=\"row_col_wrap_12_inner col span_12  left\">\n\t<div  class=\"vc_col-sm-4 wpb_column column_container vc_column_container col child_column no-extra-padding inherit_tablet inherit_phone\"   data-padding-pos=\"all\" data-has-bg-color=\"false\" data-bg-color=\"\" data-bg-opacity=\"1\" data-animation=\"\" data-delay=\"0\" >\n\t\t<div class=\"vc_column-inner\" >\n\t\t<div class=\"wpb_wrapper\">\n\t\t\t<div class=\"nectar-fancy-box using-img  has-animation\" style=\"min-height: 400px\" data-style=\"hover_desc\" data-border-radius=\"10px\" data-animation=\"fade-in\" data-bg-animation=\"long_zoom\" data-border=\"\" data-delay=\"0\" data-alignment=\"center\" data-color=\"accent-color\" ><div class=\"box-bg\"  data-nectar-img-src=\"https:\/\/breitwegconsulting.com\/wp-content\/uploads\/2024\/03\/Planification-Strategique-1-scaled.jpg\"><\/div><div class=\"inner\"><div class=\"heading-wrap\">\n<h3>Strategic planning<\/h3>\n<\/div><div class=\"hover-content\">Plan your projects, achieve your goals.<\/div><\/div>  <a  href=\"\/en\/portfolio\/planification-strategique\/\" class=\"box-link\"><\/a> <\/div>\n\t\t<\/div> \n\t<\/div>\n\t<\/div> \n\n\t<div  class=\"vc_col-sm-4 wpb_column column_container vc_column_container col child_column no-extra-padding inherit_tablet inherit_phone\"   data-padding-pos=\"all\" data-has-bg-color=\"false\" data-bg-color=\"\" data-bg-opacity=\"1\" data-animation=\"\" data-delay=\"0\" >\n\t\t<div class=\"vc_column-inner\" >\n\t\t<div class=\"wpb_wrapper\">\n\t\t\t<div class=\"nectar-fancy-box using-img\" style=\"min-height: 400px\" data-style=\"hover_desc\" data-border-radius=\"10px\" data-animation=\"\" data-bg-animation=\"long_zoom\" data-border=\"\" data-delay=\"\" data-alignment=\"center\" data-color=\"accent-color\" ><div class=\"box-bg\"  data-nectar-img-src=\"https:\/\/breitwegconsulting.com\/wp-content\/uploads\/2024\/03\/ateliers-2-scaled.jpeg\"><\/div><div class=\"inner\"><div class=\"heading-wrap\">\n<h3>Project evaluation<\/h3>\n<\/div><div class=\"hover-content\">Assess the impact of your actions.<\/div><\/div>  <a  href=\"\/en\/portfolio\/evaluation-de-projet\/\" class=\"box-link\"><\/a> <\/div>\n\t\t<\/div> \n\t<\/div>\n\t<\/div> \n\n\t<div  class=\"vc_col-sm-4 wpb_column column_container vc_column_container col child_column no-extra-padding inherit_tablet inherit_phone\"   data-padding-pos=\"all\" data-has-bg-color=\"false\" data-bg-color=\"\" data-bg-opacity=\"1\" data-animation=\"\" data-delay=\"0\" >\n\t\t<div class=\"vc_column-inner\" >\n\t\t<div class=\"wpb_wrapper\">\n\t\t\t<div class=\"nectar-fancy-box using-img  has-animation\" style=\"min-height: 400px\" data-style=\"hover_desc\" data-border-radius=\"10px\" data-animation=\"fade-in\" data-bg-animation=\"long_zoom\" data-border=\"\" data-delay=\"0\" data-alignment=\"center\" data-color=\"accent-color\" ><div class=\"box-bg\"  data-nectar-img-src=\"https:\/\/breitwegconsulting.com\/wp-content\/uploads\/2024\/03\/1705593969563-scaled.jpg\"><\/div><div class=\"inner\"><div class=\"heading-wrap\">\n<h3>Teambuilding<\/h3>\n<\/div><div class=\"hover-content\">More than just having fun.<\/div><\/div>  <a  href=\"\/en\/portfolio\/teambuilding\/\" class=\"box-link\"><\/a> <\/div>\n\t\t<\/div> \n\t<\/div>\n\t<\/div> \n<\/div><\/div><div id=\"fws_69e27367d72ce\" data-midnight=\"\" data-column-margin=\"20px\" class=\"wpb_row vc_row-fluid vc_row inner_row  top_padding_tablet_8pct\"  style=\"padding-top: 2%; \"><div class=\"row-bg-wrap\"> <div class=\"row-bg\" ><\/div> <\/div><div class=\"row_col_wrap_12_inner col span_12  left\">\n\t<div  class=\"vc_col-sm-3 wpb_column column_container vc_column_container col child_column no-extra-padding inherit_tablet inherit_phone\"   data-padding-pos=\"all\" data-has-bg-color=\"false\" data-bg-color=\"\" data-bg-opacity=\"1\" data-animation=\"\" data-delay=\"0\" >\n\t\t<div class=\"vc_column-inner\" >\n\t\t<div class=\"wpb_wrapper\">\n\t\t\t<div class=\"nectar-fancy-box using-img  has-animation\" style=\"min-height: 400px\" data-style=\"hover_desc\" data-border-radius=\"10px\" data-animation=\"fade-in\" data-bg-animation=\"long_zoom\" data-border=\"\" data-delay=\"0\" data-alignment=\"center\" data-color=\"accent-color\" ><div class=\"box-bg\"  data-nectar-img-src=\"https:\/\/breitwegconsulting.com\/wp-content\/uploads\/2024\/03\/Entrepreneuriat-3.jpg\"><\/div><div class=\"inner\"><div class=\"heading-wrap\">\n<h3>Executive coaching<\/h3>\n<\/div><div class=\"hover-content\">Master the art of leadership.<\/div><\/div>  <a  href=\"\/en\/portfolio\/executive-coaching\/\" class=\"box-link\"><\/a> <\/div>\n\t\t<\/div> \n\t<\/div>\n\t<\/div> \n\n\t<div  class=\"vc_col-sm-3 wpb_column column_container vc_column_container col child_column no-extra-padding inherit_tablet inherit_phone\"   data-padding-pos=\"all\" data-has-bg-color=\"false\" data-bg-color=\"\" data-bg-opacity=\"1\" data-animation=\"\" data-delay=\"0\" >\n\t\t<div class=\"vc_column-inner\" >\n\t\t<div class=\"wpb_wrapper\">\n\t\t\t<div class=\"nectar-fancy-box using-img\" style=\"min-height: 400px\" data-style=\"hover_desc\" data-border-radius=\"10px\" data-animation=\"\" data-bg-animation=\"long_zoom\" data-border=\"\" data-delay=\"\" data-alignment=\"center\" data-color=\"accent-color\" ><div class=\"box-bg\"  data-nectar-img-src=\"https:\/\/breitwegconsulting.com\/wp-content\/uploads\/2024\/08\/Entrepreneuriat-1_NEW-scaled.jpg\"><\/div><div class=\"inner\"><div class=\"heading-wrap\">\n<h3>Entrepreneurship<\/h3>\n<\/div><div class=\"hover-content\">Realise your entrepreneurial ambitions.<\/div><\/div>  <a  href=\"\/en\/portfolio\/entrepreneuriat\/\" class=\"box-link\"><\/a> <\/div>\n\t\t<\/div> \n\t<\/div>\n\t<\/div> \n\n\t<div  class=\"vc_col-sm-3 wpb_column column_container vc_column_container col child_column no-extra-padding inherit_tablet inherit_phone\"   data-padding-pos=\"all\" data-has-bg-color=\"false\" data-bg-color=\"\" data-bg-opacity=\"1\" data-animation=\"\" data-delay=\"0\" >\n\t\t<div class=\"vc_column-inner\" >\n\t\t<div class=\"wpb_wrapper\">\n\t\t\t<div class=\"nectar-fancy-box using-img  has-animation\" style=\"min-height: 400px\" data-style=\"hover_desc\" data-border-radius=\"10px\" data-animation=\"fade-in\" data-bg-animation=\"long_zoom\" data-border=\"\" data-delay=\"0\" data-alignment=\"center\" data-color=\"accent-color\" ><div class=\"box-bg\"  data-nectar-img-src=\"https:\/\/breitwegconsulting.com\/wp-content\/uploads\/2024\/03\/Gestion-conflit_1.jpg\"><\/div><div class=\"inner\"><div class=\"heading-wrap\">\n<h3>Conflict management<\/h3>\n<\/div><div class=\"hover-content\">(Re)build a good basis for cooperation.<\/div><\/div>  <a  href=\"\/en\/portfolio\/gestion-de-conflit\/\" class=\"box-link\"><\/a> <\/div>\n\t\t<\/div> \n\t<\/div>\n\t<\/div> \n\n\t<div  class=\"vc_col-sm-3 wpb_column column_container vc_column_container col child_column no-extra-padding inherit_tablet inherit_phone\"   data-padding-pos=\"all\" data-has-bg-color=\"false\" data-bg-color=\"\" data-bg-opacity=\"1\" data-animation=\"\" data-delay=\"0\" >\n\t\t<div class=\"vc_column-inner\" >\n\t\t<div class=\"wpb_wrapper\">\n\t\t\t<div class=\"nectar-fancy-box using-img  has-animation\" style=\"min-height: 400px\" data-style=\"hover_desc\" data-border-radius=\"10px\" data-animation=\"fade-in\" data-bg-animation=\"long_zoom\" data-border=\"\" data-delay=\"0\" data-alignment=\"center\" data-color=\"accent-color\" ><div class=\"box-bg\"  data-nectar-img-src=\"https:\/\/breitwegconsulting.com\/wp-content\/uploads\/2024\/03\/0-Executive-1-scaled.jpg\"><\/div><div class=\"inner\"><div class=\"heading-wrap\">\n<h3>Organisational assessment<\/h3>\n<\/div><div class=\"hover-content\">Unlock your organisation's hidden potential.<\/div><\/div>  <a  href=\"\/en\/portfolio\/diagnostic-organisationnel\/\" class=\"box-link\"><\/a> <\/div>\n\t\t<\/div> \n\t<\/div>\n\t<\/div> \n<\/div><\/div>\n\t\t\t<\/div> \n\t\t<\/div>\n\t<\/div> \n<\/div><\/div>","protected":false},"excerpt":{"rendered":"Conseil Un accompagnement sur mesure pour vos projets et \u00e9quipes. Planification strat\u00e9gique Planifiez vos projets, r\u00e9alisez vos objectifs. Evaluation de projet Mesurez l\u2019impact de vos actions. Teambuilding Connectez-vous pour grandir...","protected":false},"author":1,"featured_media":0,"parent":0,"menu_order":0,"comment_status":"closed","ping_status":"closed","template":"","meta":{"footnotes":""},"class_list":["post-1909","page","type-page","status-publish"],"yoast_head":"<!-- This site is optimized with the Yoast SEO plugin v27.3 - https:\/\/yoast.com\/product\/yoast-seo-wordpress\/ -->\n<title>Consulting | BC<\/title>\n<meta name=\"description\" content=\"We support you with tailored advice on strategic planning, project evaluation and entrepreneurship, as well as individual coaching, executive coaching and teambuilding. Our experienced consultants offer agile solutions in Europe, Africa and the MENA region.\" \/>\n<meta name=\"robots\" content=\"index, follow, max-snippet:-1, max-image-preview:large, max-video-preview:-1\" \/>\n<link rel=\"canonical\" href=\"https:\/\/breitwegconsulting.com\/en\/conseil\/\" \/>\n<meta property=\"og:locale\" content=\"en_US\" \/>\n<meta property=\"og:type\" content=\"article\" \/>\n<meta property=\"og:title\" content=\"Consulting | BC\" \/>\n<meta property=\"og:description\" content=\"We support you with tailored advice on strategic planning, project evaluation and entrepreneurship, as well as individual coaching, executive coaching and teambuilding. Our experienced consultants offer agile solutions in Europe, Africa and the MENA region.\" \/>\n<meta property=\"og:url\" content=\"https:\/\/breitwegconsulting.com\/en\/conseil\/\" \/>\n<meta property=\"og:site_name\" content=\"Breitweg Consulting\" \/>\n<meta property=\"article:modified_time\" content=\"2025-02-12T10:45:01+00:00\" \/>\n<meta name=\"twitter:card\" content=\"summary_large_image\" \/>\n<meta name=\"twitter:label1\" content=\"Est. reading time\" \/>\n\t<meta name=\"twitter:data1\" content=\"5 minutes\" \/>\n<script type=\"application\/ld+json\" class=\"yoast-schema-graph\">{\"@context\":\"https:\\\/\\\/schema.org\",\"@graph\":[{\"@type\":\"WebPage\",\"@id\":\"https:\\\/\\\/breitwegconsulting.com\\\/conseil\\\/\",\"url\":\"https:\\\/\\\/breitwegconsulting.com\\\/conseil\\\/\",\"name\":\"Consulting | BC\",\"isPartOf\":{\"@id\":\"https:\\\/\\\/breitwegconsulting.com\\\/#website\"},\"datePublished\":\"2024-05-21T15:51:27+00:00\",\"dateModified\":\"2025-02-12T10:45:01+00:00\",\"description\":\"We support you with tailored advice on strategic planning, project evaluation and entrepreneurship, as well as individual coaching, executive coaching and teambuilding. Our experienced consultants offer agile solutions in Europe, Africa and the MENA region.\",\"breadcrumb\":{\"@id\":\"https:\\\/\\\/breitwegconsulting.com\\\/conseil\\\/#breadcrumb\"},\"inLanguage\":\"en-US\",\"potentialAction\":[{\"@type\":\"ReadAction\",\"target\":[\"https:\\\/\\\/breitwegconsulting.com\\\/conseil\\\/\"]}]},{\"@type\":\"BreadcrumbList\",\"@id\":\"https:\\\/\\\/breitwegconsulting.com\\\/conseil\\\/#breadcrumb\",\"itemListElement\":[{\"@type\":\"ListItem\",\"position\":1,\"name\":\"Accueil\",\"item\":\"https:\\\/\\\/breitwegconsulting.com\\\/\"},{\"@type\":\"ListItem\",\"position\":2,\"name\":\"Conseil\"}]},{\"@type\":\"WebSite\",\"@id\":\"https:\\\/\\\/breitwegconsulting.com\\\/#website\",\"url\":\"https:\\\/\\\/breitwegconsulting.com\\\/\",\"name\":\"Breitweg Consulting\",\"description\":\"\ud835\uddd9\ud835\uddfc\ud835\ude00\ud835\ude01\ud835\uddf2\ud835\uddff \ud835\uddf6\ud835\uddfb\ud835\uddfb\ud835\uddfc\ud835\ude03\ud835\uddee\ud835\ude01\ud835\uddf6\ud835\uddfc\ud835\uddfb. \ud835\udddc\ud835\uddfb\ud835\ude00\ud835\uddfd\ud835\uddf6\ud835\uddff\ud835\uddf2 \ud835\uddf0\ud835\uddf5\ud835\uddee\ud835\uddfb\ud835\uddf4\ud835\uddf2.\",\"alternateName\":\"BC\",\"potentialAction\":[{\"@type\":\"SearchAction\",\"target\":{\"@type\":\"EntryPoint\",\"urlTemplate\":\"https:\\\/\\\/breitwegconsulting.com\\\/?s={search_term_string}\"},\"query-input\":{\"@type\":\"PropertyValueSpecification\",\"valueRequired\":true,\"valueName\":\"search_term_string\"}}],\"inLanguage\":\"en-US\"}]}<\/script>\n<!-- \/ Yoast SEO plugin. -->","yoast_head_json":{"title":"Consulting | BC","description":"We support you with tailored advice on strategic planning, project evaluation and entrepreneurship, as well as individual coaching, executive coaching and teambuilding. Our experienced consultants offer agile solutions in Europe, Africa and the MENA region.","robots":{"index":"index","follow":"follow","max-snippet":"max-snippet:-1","max-image-preview":"max-image-preview:large","max-video-preview":"max-video-preview:-1"},"canonical":"https:\/\/breitwegconsulting.com\/en\/conseil\/","og_locale":"en_US","og_type":"article","og_title":"Consulting | BC","og_description":"We support you with tailored advice on strategic planning, project evaluation and entrepreneurship, as well as individual coaching, executive coaching and teambuilding. Our experienced consultants offer agile solutions in Europe, Africa and the MENA region.","og_url":"https:\/\/breitwegconsulting.com\/en\/conseil\/","og_site_name":"Breitweg Consulting","article_modified_time":"2025-02-12T10:45:01+00:00","twitter_card":"summary_large_image","twitter_misc":{"Est. reading time":"5 minutes"},"schema":{"@context":"https:\/\/schema.org","@graph":[{"@type":"WebPage","@id":"https:\/\/breitwegconsulting.com\/conseil\/","url":"https:\/\/breitwegconsulting.com\/conseil\/","name":"Consulting | BC","isPartOf":{"@id":"https:\/\/breitwegconsulting.com\/#website"},"datePublished":"2024-05-21T15:51:27+00:00","dateModified":"2025-02-12T10:45:01+00:00","description":"We support you with tailored advice on strategic planning, project evaluation and entrepreneurship, as well as individual coaching, executive coaching and teambuilding. Our experienced consultants offer agile solutions in Europe, Africa and the MENA region.","breadcrumb":{"@id":"https:\/\/breitwegconsulting.com\/conseil\/#breadcrumb"},"inLanguage":"en-US","potentialAction":[{"@type":"ReadAction","target":["https:\/\/breitwegconsulting.com\/conseil\/"]}]},{"@type":"BreadcrumbList","@id":"https:\/\/breitwegconsulting.com\/conseil\/#breadcrumb","itemListElement":[{"@type":"ListItem","position":1,"name":"Accueil","item":"https:\/\/breitwegconsulting.com\/"},{"@type":"ListItem","position":2,"name":"Conseil"}]},{"@type":"WebSite","@id":"https:\/\/breitwegconsulting.com\/#website","url":"https:\/\/breitwegconsulting.com\/","name":"Breitweg Consulting","description":"\ud835\uddd9\ud835\uddfc\ud835\ude00\ud835\ude01\ud835\uddf2\ud835\uddff \ud835\uddf6\ud835\uddfb\ud835\uddfb\ud835\uddfc\ud835\ude03\ud835\uddee\ud835\ude01\ud835\uddf6\ud835\uddfc\ud835\uddfb. \ud835\udddc\ud835\uddfb\ud835\ude00\ud835\uddfd\ud835\uddf6\ud835\uddff\ud835\uddf2 \ud835\uddf0\ud835\uddf5\ud835\uddee\ud835\uddfb\ud835\uddf4\ud835\uddf2.","alternateName":"BC","potentialAction":[{"@type":"SearchAction","target":{"@type":"EntryPoint","urlTemplate":"https:\/\/breitwegconsulting.com\/?s={search_term_string}"},"query-input":{"@type":"PropertyValueSpecification","valueRequired":true,"valueName":"search_term_string"}}],"inLanguage":"en-US"}]}},"_links":{"self":[{"href":"https:\/\/breitwegconsulting.com\/en\/wp-json\/wp\/v2\/pages\/1909","targetHints":{"allow":["GET"]}}],"collection":[{"href":"https:\/\/breitwegconsulting.com\/en\/wp-json\/wp\/v2\/pages"}],"about":[{"href":"https:\/\/breitwegconsulting.com\/en\/wp-json\/wp\/v2\/types\/page"}],"author":[{"embeddable":true,"href":"https:\/\/breitwegconsulting.com\/en\/wp-json\/wp\/v2\/users\/1"}],"replies":[{"embeddable":true,"href":"https:\/\/breitwegconsulting.com\/en\/wp-json\/wp\/v2\/comments?post=1909"}],"version-history":[{"count":5,"href":"https:\/\/breitwegconsulting.com\/en\/wp-json\/wp\/v2\/pages\/1909\/revisions"}],"predecessor-version":[{"id":2558,"href":"https:\/\/breitwegconsulting.com\/en\/wp-json\/wp\/v2\/pages\/1909\/revisions\/2558"}],"wp:attachment":[{"href":"https:\/\/breitwegconsulting.com\/en\/wp-json\/wp\/v2\/media?parent=1909"}],"curies":[{"name":"wp","href":"https:\/\/api.w.org\/{rel}","templated":true}]}}